{"id":6535,"date":"2025-10-02T11:12:42","date_gmt":"2025-10-02T11:12:42","guid":{"rendered":"https:\/\/lba-normandie.com\/?page_id=6535"},"modified":"2025-10-02T11:12:42","modified_gmt":"2025-10-02T11:12:42","slug":"la-belle-aventure-2","status":"publish","type":"page","link":"https:\/\/lba-normandie.com\/en\/la-belle-aventure-2\/","title":{"rendered":"La Belle Aventure"},"content":{"rendered":"\n<div class=\"wp-block-uagb-container banner uagb-block-8eba14ea alignfull uagb-is-root-container\"><div class=\"uagb-container-inner-blocks-wrap\">\n<div style=\"height:50px\" aria-hidden=\"true\" class=\"wp-block-spacer\"><\/div>\n<\/div><\/div>\n\n<div class=\"wp-block-uagb-container uagb-block-9223cc6c alignfull uagb-is-root-container\"><div class=\"uagb-container-inner-blocks-wrap\">\n<div class=\"wp-block-uagb-container uagb-block-7efdcaf0\">\n<h2 class=\"wp-block-heading has-nv-c-1-color has-text-color has-link-color wp-elements-192ded29526b96e2eb23efa05a8bad9e\">A unique location in Normandy<\/h2>\n\n\n\n<p>La Belle Aventure is a large townhouse with garden in the heart of Pont-l&#8217;\u00c9v\u00eaque, <strong>20 minutes away from Deauville and the Normandy beaches<\/strong>.<\/p>\n<p>&#8220;Together, yet in your own space&#8221; captures the essence of La Belle Aventure, created by Hortense in 2021. Divided into several <strong>independent apartments<\/strong>, complemented by shared common areas, it was designed as a true living space. <\/p>\n<p>Whether it\u2019s for a weekend or <strong>a holiday in Normandy<\/strong>, a life change, or finding your primary or secondary home, whatever the goal, we all need a safe place for a beautiful adventure&#8230;<\/p>\n<p>At La Belle Aventure, we understand the importance of flexibility and comfort in your travels.<\/p>\n<p>That\u2019s why our <strong>apartments for rent in Pont-l\u2019\u00c9v\u00eaque<\/strong> are designed to meet all your needs, whether for a short, medium, or long stay. Each one has been thoughtfully personalized and equipped to ensure you have the most peaceful experience possible. <\/p>\n<p>From the moment you arrive, let yourself be embraced by a warm and welcoming atmosphere, where every detail has been carefully designed to provide you with an unparalleled experience. All you need to do is unpack and take a moment to relax. <\/p>\n<\/div>\n<\/div><\/div>\n\n<div style=\"height:99px\" aria-hidden=\"true\" class=\"wp-block-spacer uag-hide-mob\"><\/div>\n<div class=\"wp-block-image\">\n<figure class=\"aligncenter size-large is-resized\"><img data-recalc-dims=\"1\" loading=\"lazy\" decoding=\"async\" width=\"1024\" height=\"160\" src=\"https:\/\/i0.wp.com\/lba-normandie.com\/wp-content\/uploads\/2021\/11\/La-Belle-Aventure-Normandie.png?resize=1024%2C160&#038;ssl=1\" alt=\"\" class=\"wp-image-1929\" style=\"width:749px;height:auto\" srcset=\"https:\/\/i0.wp.com\/lba-normandie.com\/wp-content\/uploads\/2021\/11\/La-Belle-Aventure-Normandie.png?resize=1024%2C160&amp;ssl=1 1024w, https:\/\/i0.wp.com\/lba-normandie.com\/wp-content\/uploads\/2021\/11\/La-Belle-Aventure-Normandie.png?resize=600%2C94&amp;ssl=1 600w, https:\/\/i0.wp.com\/lba-normandie.com\/wp-content\/uploads\/2021\/11\/La-Belle-Aventure-Normandie.png?resize=768%2C120&amp;ssl=1 768w, https:\/\/i0.wp.com\/lba-normandie.com\/wp-content\/uploads\/2021\/11\/La-Belle-Aventure-Normandie.png?resize=300%2C47&amp;ssl=1 300w, https:\/\/i0.wp.com\/lba-normandie.com\/wp-content\/uploads\/2021\/11\/La-Belle-Aventure-Normandie.png?resize=1536%2C240&amp;ssl=1 1536w, https:\/\/i0.wp.com\/lba-normandie.com\/wp-content\/uploads\/2021\/11\/La-Belle-Aventure-Normandie.png?resize=892%2C139&amp;ssl=1 892w, https:\/\/i0.wp.com\/lba-normandie.com\/wp-content\/uploads\/2021\/11\/La-Belle-Aventure-Normandie.png?resize=1350%2C211&amp;ssl=1 1350w, https:\/\/i0.wp.com\/lba-normandie.com\/wp-content\/uploads\/2021\/11\/La-Belle-Aventure-Normandie.png?w=1920&amp;ssl=1 1920w\" sizes=\"auto, (max-width: 1024px) 100vw, 1024px\" \/><\/figure>\n<\/div>\n<div style=\"height:50px\" aria-hidden=\"true\" class=\"wp-block-spacer\"><\/div>\n\n<div style=\"height:50px\" aria-hidden=\"true\" class=\"wp-block-spacer uag-hide-mob\"><\/div>\n\n<div class=\"wp-block-uagb-container uagb-block-b4cc6ecf alignfull uagb-is-root-container\"><div class=\"uagb-container-inner-blocks-wrap\">\n<div class=\"wp-block-uagb-container uagb-block-d2c9fe7d\">\n<h2 class=\"wp-block-heading has-text-align-left has-nv-c-1-color has-text-color has-link-color wp-elements-687b5a5a003c33352cda758f0460eb93\" style=\"padding-right:0;padding-left:0\">Our apartments for rent in Pont-L&#8217;\u00c9v\u00eaque for up to 5 people<\/h2>\n\n\n\n<div style=\"height:30px\" aria-hidden=\"true\" class=\"wp-block-spacer uag-hide-mob\"><\/div>\n\n\n\n<div class=\"wp-block-group is-nowrap is-layout-flex wp-container-core-group-is-layout-ad2f72ca wp-block-group-is-layout-flex\">\n<div class=\"wp-block-uagb-container uagb-block-4154f34b\">\n<div class=\"wp-block-uagb-image aligncenter uagb-block-9c72f3e4 wp-block-uagb-image--layout-overlay wp-block-uagb-image--effect-static wp-block-uagb-image--align-center\"><figure class=\"wp-block-uagb-image__figure\"><a class=\"\" href=\"https:\/\/lba-normandie.com\/en\/vers-lorient-2-people\/\" target=\"\" rel=\"noopener\"><img data-recalc-dims=\"1\" decoding=\"async\" srcset=\"https:\/\/lba-normandie.com\/wp-content\/uploads\/2023\/10\/chambre_orient.webp ,https:\/\/lba-normandie.com\/wp-content\/uploads\/2023\/10\/chambre_orient.webp 780w, https:\/\/lba-normandie.com\/wp-content\/uploads\/2023\/10\/chambre_orient.webp 360w\" sizes=\"auto, (max-width: 480px) 150px\" src=\"https:\/\/i0.wp.com\/lba-normandie.com\/wp-content\/uploads\/2023\/10\/chambre_orient.webp?resize=334%2C334&#038;ssl=1\" alt=\"Bed and breakfast Pont l'\u00c9v\u00eaque\" class=\"uag-image-4205\" width=\"334\" height=\"334\" title=\"Room vers l'orient\" loading=\"lazy\" role=\"img\"><\/a><div class=\"wp-block-uagb-image--layout-overlay__color-wrapper\"><\/div><div class=\"wp-block-uagb-image--layout-overlay__inner center-center\"><a class=\"wp-block-uagb-image--layout-overlay-link \" href=\"https:\/\/lba-normandie.com\/en\/vers-lorient-2-people\/\" target=\"\" rel=\"noopener\"><\/a><h3 class=\"uagb-image-heading\"><strong>Vers l&#8217;Orient<\/strong><\/h3><figcaption class=\"uagb-image-caption\"><strong>A cosy double room on the garden level<\/strong><br><strong>sleeps 2<\/strong><\/figcaption><\/div><\/figure><\/div>\n<\/div>\n\n\n\n<div class=\"wp-block-uagb-container uagb-block-d154f8d7\">\n<div class=\"wp-block-uagb-image aligncenter uagb-block-48b7b105 wp-block-uagb-image--layout-overlay wp-block-uagb-image--effect-static wp-block-uagb-image--align-center\"><figure class=\"wp-block-uagb-image__figure\"><a class=\"\" href=\"https:\/\/lba-normandie.com\/en\/lange-du-foyer-3-4-persons\/\" target=\"\" rel=\"noopener\"><img data-recalc-dims=\"1\" decoding=\"async\" srcset=\"https:\/\/lba-normandie.com\/wp-content\/uploads\/2023\/10\/ange_du_foyer_chambre_individuelle_sdb_partagee-2_600.webp ,https:\/\/lba-normandie.com\/wp-content\/uploads\/2023\/10\/ange_du_foyer_chambre_individuelle_sdb_partagee-2_600.webp 780w, https:\/\/lba-normandie.com\/wp-content\/uploads\/2023\/10\/ange_du_foyer_chambre_individuelle_sdb_partagee-2_600.webp 360w\" sizes=\"auto, (max-width: 480px) 150px\" src=\"https:\/\/i0.wp.com\/lba-normandie.com\/wp-content\/uploads\/2023\/10\/ange_du_foyer_chambre_individuelle_sdb_partagee-2_600.webp?resize=341%2C341&#038;ssl=1\" alt=\"L'ange du foyer - 2 double rooms with shared bathroom\" class=\"uag-image-3860\" width=\"341\" height=\"341\" title=\"L'ange du foyer - 2 double rooms with shared bathroom\" loading=\"lazy\" role=\"img\"><\/a><div class=\"wp-block-uagb-image--layout-overlay__color-wrapper\"><\/div><div class=\"wp-block-uagb-image--layout-overlay__inner center-center\"><a class=\"wp-block-uagb-image--layout-overlay-link \" href=\"https:\/\/lba-normandie.com\/en\/lange-du-foyer-3-4-persons\/\" target=\"\" rel=\"noopener\"><\/a><h3 class=\"uagb-image-heading\"><strong>L&#8217;Ange du Foyer<\/strong><\/h3><figcaption class=\"uagb-image-caption\"><strong>An apartment on the 1st floor<br>Sleeps 3\/4<\/strong><\/figcaption><\/div><\/figure><\/div>\n<\/div>\n<\/div>\n\n\n\n<div class=\"wp-block-group is-nowrap is-layout-flex wp-container-core-group-is-layout-ad2f72ca wp-block-group-is-layout-flex\">\n<div class=\"wp-block-uagb-container uagb-block-bbde85c5\">\n<div class=\"wp-block-uagb-image aligncenter uagb-block-021d97e7 wp-block-uagb-image--layout-overlay wp-block-uagb-image--effect-static wp-block-uagb-image--align-center\"><figure class=\"wp-block-uagb-image__figure\"><a class=\"\" href=\"https:\/\/lba-normandie.com\/en\/le-bois-sacre-4-5-people\/\" target=\"\" rel=\"noopener\"><img data-recalc-dims=\"1\" decoding=\"async\" srcset=\"https:\/\/lba-normandie.com\/wp-content\/uploads\/2023\/10\/bois_sacre_cuisine.webp ,https:\/\/lba-normandie.com\/wp-content\/uploads\/2023\/10\/bois_sacre_cuisine.webp 780w, https:\/\/lba-normandie.com\/wp-content\/uploads\/2023\/10\/bois_sacre_cuisine.webp 360w\" sizes=\"auto, (max-width: 480px) 150px\" src=\"https:\/\/i0.wp.com\/lba-normandie.com\/wp-content\/uploads\/2023\/10\/bois_sacre_cuisine.webp?resize=342%2C342&#038;ssl=1\" alt=\"Le Bois sacr\u00e9 - accommodation for 4 to 5 people in Pont-L'\u00cav\u00e8que\" class=\"uag-image-4009\" width=\"342\" height=\"342\" title=\"Le Bois sacr\u00e9 - accommodation for 4 to 5 people in Pont-L'\u00cav\u00e8que\" loading=\"lazy\" role=\"img\"><\/a><div class=\"wp-block-uagb-image--layout-overlay__color-wrapper\"><\/div><div class=\"wp-block-uagb-image--layout-overlay__inner center-center\"><a class=\"wp-block-uagb-image--layout-overlay-link \" href=\"https:\/\/lba-normandie.com\/en\/le-bois-sacre-4-5-people\/\" target=\"\" rel=\"noopener\"><\/a><h3 class=\"uagb-image-heading\"><strong>Le Bois Sacr\u00e9<\/strong><\/h3><figcaption class=\"uagb-image-caption\"><strong>A duplex apartment<br>For 4\/5 people<\/strong><\/figcaption><\/div><\/figure><\/div>\n<\/div>\n\n\n\n<div class=\"wp-block-uagb-container uagb-block-45499f24\">\n<div class=\"wp-block-uagb-image aligncenter uagb-block-7d87f7f1 wp-block-uagb-image--layout-overlay wp-block-uagb-image--effect-static wp-block-uagb-image--align-center\"><figure class=\"wp-block-uagb-image__figure\"><a class=\"\" href=\"https:\/\/lba-normandie.com\/en\/primerose-3-4-persons\/\" target=\"\" rel=\"noopener\"><img data-recalc-dims=\"1\" decoding=\"async\" srcset=\"https:\/\/lba-normandie.com\/wp-content\/uploads\/2023\/04\/PRIMEROSE.webp ,https:\/\/lba-normandie.com\/wp-content\/uploads\/2023\/04\/PRIMEROSE.webp 780w, https:\/\/lba-normandie.com\/wp-content\/uploads\/2023\/04\/PRIMEROSE.webp 360w\" sizes=\"auto, (max-width: 480px) 150px\" src=\"https:\/\/i0.wp.com\/lba-normandie.com\/wp-content\/uploads\/2023\/04\/PRIMEROSE.webp?resize=349%2C269&#038;ssl=1\" alt=\"Primerose accommodation in Pont-L'\u00c9v\u00e8que at La Belle Aventure\" class=\"uag-image-3289\" width=\"349\" height=\"269\" title=\"Primerose accommodation in Pont-L'\u00c9v\u00e8que at La Belle Aventure\" loading=\"lazy\" role=\"img\"><\/a><div class=\"wp-block-uagb-image--layout-overlay__color-wrapper\"><\/div><div class=\"wp-block-uagb-image--layout-overlay__inner center-center\"><a class=\"wp-block-uagb-image--layout-overlay-link \" href=\"https:\/\/lba-normandie.com\/en\/primerose-3-4-persons\/\" target=\"\" rel=\"noopener\"><\/a><h3 class=\"uagb-image-heading\"><strong>Primerose<\/strong><\/h3><figcaption class=\"uagb-image-caption\"><strong>The little house in the garden<br>Sleeps 3\/4<\/strong><\/figcaption><\/div><\/figure><\/div>\n<\/div>\n<\/div>\n\n\n\n<div style=\"height:42px\" aria-hidden=\"true\" class=\"wp-block-spacer uag-hide-mob\"><\/div>\n\n\n\n<div class=\"wp-block-uagb-container uagb-block-b275e8e4\">\n<div class=\"wp-block-uagb-call-to-action uagb-block-542a9438 wp-block-button\"><div class=\"uagb-cta__wrap\"><h3 class=\"uagb-cta__title\">More than 5 people?<\/h3><p class=\"uagb-cta__desc\">The apartments are flexible. We accommodate all requests and offer an ideal setup based on your needs and our availability.<br\/>Contact me via the form or by telephone on +33 698 301 125. <\/p><\/div><div class=\"uagb-cta__buttons\"><a href=\"https:\/\/lba-normandie.com\/en\/more-than-5-people\/\" class=\"uagb-cta__button-link-wrapper wp-block-button__link\" target=\"_blank\" rel=\"noopener noreferrer\">LEARN MORE<\/a><\/div><\/div>\n<\/div>\n<\/div>\n<\/div><\/div>\n\n<div style=\"height:80px\" aria-hidden=\"true\" class=\"wp-block-spacer uag-hide-mob\"><\/div>\n\n<div class=\"wp-block-uagb-container uagb-block-fe1645d2 alignfull uagb-is-root-container\"><div class=\"uagb-container-inner-blocks-wrap\">\n<div class=\"wp-block-uagb-container uagb-block-7ddc5438\">\n<h2 class=\"wp-block-heading has-nv-c-1-color has-text-color has-link-color wp-elements-2cb3c8147deb1c649f37d42172689f53\">A haven of peace 2 hours away from Paris <\/h2>\n\n\n\n<p>At the age of 30, I was at the end of my rope in a hectic Parisian life. I would never have dared leave it all behind, had it not been for a friend who offered me the opportunity to recharge my batteries in Normandy.  <\/p>\n\n\n\n<p>I&#8217;ve been living there for years now, and I&#8217;ve fulfilled my dream of writing, while living in the countryside at my own pace.<em> <\/em><\/p>\n\n\n\n<p>With La Belle Aventure, I wanted to pass on what I&#8217;d been given. The house is a haven of peace, warm and inviting, lending itself to both conviviality and intimacy. <\/p>\n\n\n\n<p>As a lover of literature and history, I named this establishment and all its apartments after Robert de Flers, a writer born in Pont-l&#8217;\u00c9v\u00eaque at the end of the 19th century.<\/p>\n\n\n\n<p>I don&#8217;t live at La Belle Aventure, you&#8217;re at home there, but I&#8217;m close by and available to meet your needs.<\/p>\n\n\n\n<div class=\"wp-block-uagb-image aligncenter uagb-block-719bfd64 wp-block-uagb-image--layout-default wp-block-uagb-image--effect-static wp-block-uagb-image--align-center\"><figure class=\"wp-block-uagb-image__figure\"><img data-recalc-dims=\"1\" decoding=\"async\" srcset=\"https:\/\/lba-normandie.com\/wp-content\/uploads\/2021\/11\/hortense-de-chabaneix3-e1735234688919.png ,https:\/\/lba-normandie.com\/wp-content\/uploads\/2021\/11\/hortense-de-chabaneix3-e1735234688919.png 780w, https:\/\/lba-normandie.com\/wp-content\/uploads\/2021\/11\/hortense-de-chabaneix3-e1735234688919.png 360w\" sizes=\"auto, (max-width: 480px) 150px\" src=\"https:\/\/i0.wp.com\/lba-normandie.com\/wp-content\/uploads\/2021\/11\/hortense-de-chabaneix3-e1735234688919.png?resize=212%2C112&#038;ssl=1\" alt=\"Hortense de Chabaneix Pont l'Ev\u00eaque Author, translator, writing workshop.\" class=\"uag-image-1958\" width=\"212\" height=\"112\" title=\"Hortense de Chabaneix\" loading=\"lazy\" role=\"img\"><\/figure><\/div>\n<\/div>\n\n\n\n<div class=\"wp-block-uagb-container uagb-block-c2840198\"><div class=\"wp-block-image\">\n<figure class=\"aligncenter size-full is-resized\"><img data-recalc-dims=\"1\" loading=\"lazy\" decoding=\"async\" width=\"667\" height=\"1000\" src=\"https:\/\/i0.wp.com\/lba-normandie.com\/wp-content\/uploads\/2024\/12\/hortense-hote.jpg?resize=667%2C1000&#038;ssl=1\" alt=\"\" class=\"wp-image-5890\" style=\"width:379px;height:auto\" srcset=\"https:\/\/i0.wp.com\/lba-normandie.com\/wp-content\/uploads\/2024\/12\/hortense-hote.jpg?w=667&amp;ssl=1 667w, https:\/\/i0.wp.com\/lba-normandie.com\/wp-content\/uploads\/2024\/12\/hortense-hote.jpg?resize=400%2C600&amp;ssl=1 400w\" sizes=\"auto, (max-width: 667px) 100vw, 667px\" \/><\/figure>\n<\/div><\/div>\n<\/div><\/div>\n\n<div class=\"wp-block-uagb-container uagb-block-0cd2862e alignfull uagb-is-root-container\"><div class=\"uagb-container-inner-blocks-wrap\">\n<div style=\"height:50px\" aria-hidden=\"true\" class=\"wp-block-spacer uag-hide-mob\"><\/div>\n\n\n\n<h2 class=\"wp-block-heading has-nv-c-1-color has-text-color has-link-color wp-elements-44f00147e0005c35a936c464d09af9c0\">So you say!<\/h2>\n\n\n<div data-src=\"https:\/\/cdn.trustindex.io\/loader.js?8b82f264551524417d2661e5851\"><\/div>\n<\/div><\/div>\n\n<div style=\"height:49px\" aria-hidden=\"true\" class=\"wp-block-spacer\"><\/div>\n\n<div style=\"height:49px\" aria-hidden=\"true\" class=\"wp-block-spacer uag-hide-mob\"><\/div>\n\n<div class=\"wp-block-columns is-layout-flex wp-container-core-columns-is-layout-9d6595d7 wp-block-columns-is-layout-flex\">\n<div class=\"wp-block-column is-layout-flow wp-block-column-is-layout-flow\">\n<h2 class=\"wp-block-heading has-nv-c-1-color has-text-color has-link-color wp-elements-431cd18e74cbdba85e5622f99bc7b374\">Pont-l&#8217;\u00c9v\u00eaque, a picturesque Norman village<\/h2>\n\n\n\n<p>Nestled in the Touques valley, Pont-l&#8217;\u00c9v\u00eaque is in the heart of the Pays d&#8217;Auge and 20 minutes from the beaches of Normandy.<\/p>\n\n\n\n<p>The rolling green countryside is a whirlwind of color in summer and winter. You&#8217;ll see foals frolicking and red, white and black cows grazing under flowering apple trees. <\/p>\n\n\n\n<p>On the seafront, from Cabourg to Honfleur, the C\u00f4te Fleurie features some of the most emblematic spots on the Normandy coast.<\/p>\n\n\n\n<p>Every town and village has its own authenticity, its own singularity, its own artists, and they all put a lot of energy into welcoming newcomers and travelers alike.<\/p>\n\n\n\n<div class=\"wp-block-buttons is-content-justification-center is-layout-flex wp-container-core-buttons-is-layout-16018d1d wp-block-buttons-is-layout-flex\">\n<div class=\"wp-block-button is-style-primary\"><a class=\"wp-block-button__link has-nv-c-2-background-color has-background wp-element-button\" href=\"https:\/\/lba-normandie.com\/en\/contact-access\/\" style=\"border-style:none;border-width:0px\">Book<\/a><\/div>\n<\/div>\n<\/div>\n\n\n\n<div class=\"wp-block-column is-layout-flow wp-block-column-is-layout-flow\">\n<iframe src=\"https:\/\/www.google.com\/maps\/embed?pb=!1m18!1m12!1m3!1d2602.5995597865044!2d0.17889147692449678!3d49.28398457066145!2m3!1f0!2f0!3f0!3m2!1i1024!2i768!4f13.1!3m3!1m2!1s0x47e1ce077df3ffff%3A0x1c31a5b30bdc302d!2sLa%20Belle%20Aventure!5e0!3m2!1sfr!2sfr!4v1682517186434!5m2!1sfr!2sfr\" width=\"100%\" height=\"450\" style=\"border:0;\" allowfullscreen=\"\" loading=\"lazy\" referrerpolicy=\"no-referrer-when-downgrade\"><\/iframe>\n<\/div>\n<\/div>\n","protected":false},"excerpt":{"rendered":"<p>A unique location in Normandy La Belle Aventure is a large townhouse with garden in the heart of Pont-l&#8217;\u00c9v\u00eaque, 20 minutes away from Deauville and the Normandy beaches. &#8220;Together, yet in your own space&#8221; captures the essence of La Belle Aventure, created by Hortense in 2021. Divided into several independent apartments, complemented by shared common&hellip;&nbsp;<a href=\"https:\/\/lba-normandie.com\/en\/la-belle-aventure-2\/\" rel=\"bookmark\">Read More &raquo;<span class=\"screen-reader-text\">La Belle Aventure<\/span><\/a><\/p>\n","protected":false},"author":2,"featured_media":6157,"parent":0,"menu_order":0,"comment_status":"closed","ping_status":"closed","template":"","meta":{"inline_featured_image":false,"_uag_custom_page_level_css":"","neve_meta_sidebar":"","neve_meta_container":"","neve_meta_enable_content_width":"off","neve_meta_content_width":70,"neve_meta_title_alignment":"","neve_meta_author_avatar":"","neve_post_elements_order":"","neve_meta_disable_header":"","neve_meta_disable_footer":"","neve_meta_disable_title":"on","footnotes":""},"class_list":["post-6535","page","type-page","status-publish","has-post-thumbnail","hentry"],"uagb_featured_image_src":{"full":["https:\/\/i0.wp.com\/lba-normandie.com\/wp-content\/uploads\/2021\/11\/LBA.jpg?fit=500%2C500&ssl=1",500,500,false],"thumbnail":["https:\/\/i0.wp.com\/lba-normandie.com\/wp-content\/uploads\/2021\/11\/LBA.jpg?fit=150%2C150&ssl=1",150,150,true],"medium":["https:\/\/i0.wp.com\/lba-normandie.com\/wp-content\/uploads\/2021\/11\/LBA.jpg?fit=300%2C300&ssl=1",300,300,true],"medium_large":["https:\/\/i0.wp.com\/lba-normandie.com\/wp-content\/uploads\/2021\/11\/LBA.jpg?fit=500%2C500&ssl=1",500,500,true],"large":["https:\/\/i0.wp.com\/lba-normandie.com\/wp-content\/uploads\/2021\/11\/LBA.jpg?fit=500%2C500&ssl=1",500,500,true],"1536x1536":["https:\/\/i0.wp.com\/lba-normandie.com\/wp-content\/uploads\/2021\/11\/LBA.jpg?fit=500%2C500&ssl=1",500,500,true],"2048x2048":["https:\/\/i0.wp.com\/lba-normandie.com\/wp-content\/uploads\/2021\/11\/LBA.jpg?fit=500%2C500&ssl=1",500,500,true],"neve-blog":["https:\/\/i0.wp.com\/lba-normandie.com\/wp-content\/uploads\/2021\/11\/LBA.jpg?resize=500%2C500&ssl=1",500,500,true]},"uagb_author_info":{"display_name":"Hortense de Chabaneix","author_link":"https:\/\/lba-normandie.com\/en\/author\/hdechab\/"},"uagb_comment_info":0,"uagb_excerpt":"A unique location in Normandy La Belle Aventure is a large townhouse with garden in the heart of Pont-l&#8217;\u00c9v\u00eaque, 20 minutes away from Deauville and the Normandy beaches. &#8220;Together, yet in your own space&#8221; captures the essence of La Belle Aventure, created by Hortense in 2021. Divided into several independent apartments, complemented by shared common&hellip;&nbsp;Read&hellip;","jetpack_sharing_enabled":true,"_links":{"self":[{"href":"https:\/\/lba-normandie.com\/en\/wp-json\/wp\/v2\/pages\/6535","targetHints":{"allow":["GET"]}}],"collection":[{"href":"https:\/\/lba-normandie.com\/en\/wp-json\/wp\/v2\/pages"}],"about":[{"href":"https:\/\/lba-normandie.com\/en\/wp-json\/wp\/v2\/types\/page"}],"author":[{"embeddable":true,"href":"https:\/\/lba-normandie.com\/en\/wp-json\/wp\/v2\/users\/2"}],"replies":[{"embeddable":true,"href":"https:\/\/lba-normandie.com\/en\/wp-json\/wp\/v2\/comments?post=6535"}],"version-history":[{"count":1,"href":"https:\/\/lba-normandie.com\/en\/wp-json\/wp\/v2\/pages\/6535\/revisions"}],"predecessor-version":[{"id":6536,"href":"https:\/\/lba-normandie.com\/en\/wp-json\/wp\/v2\/pages\/6535\/revisions\/6536"}],"wp:featuredmedia":[{"embeddable":true,"href":"https:\/\/lba-normandie.com\/en\/wp-json\/wp\/v2\/media\/6157"}],"wp:attachment":[{"href":"https:\/\/lba-normandie.com\/en\/wp-json\/wp\/v2\/media?parent=6535"}],"curies":[{"name":"wp","href":"https:\/\/api.w.org\/{rel}","templated":true}]}}