{"id":6342,"date":"2019-09-04T11:17:54","date_gmt":"2019-09-04T11:17:54","guid":{"rendered":"https:\/\/lba-normandie.com\/terms-and-conditions-of-sale\/"},"modified":"2026-01-12T15:20:29","modified_gmt":"2026-01-12T15:20:29","slug":"terms-and-conditions-of-sale","status":"publish","type":"page","link":"https:\/\/lba-normandie.com\/en\/terms-and-conditions-of-sale\/","title":{"rendered":"Terms and Conditions of Sale"},"content":{"rendered":"\n<p><strong>WWW.LBA-NORMANDIE.COM<\/strong> \u2013 Holiday Home and Apartment Rentals in Pont-l&#8217;\u00c9v\u00eaque <\/p>\n\n<p>SAS La Belle Aventure headquartered at 470 chemin des Fauldes \u00e0 Glanville 14950<\/p>\n\n<p>Registered under 901 341 032 R.C.S. LISIEUX<\/p>\n\n<p>represented by Ms. Hortense de Chabaneix, president<\/p>\n\n<p>phone : +33 698 301 125<\/p>\n\n<p>Email: info@lba-normandie.com<\/p>\n\n<p>General Terms and Conditions of Sale for products sold on www.lba-normandie.com<\/p>\n\n<p>Last update : 12\/01\/2026<\/p>\n\n<p><strong>Article 1 \u2013 Purpose of the General Terms and Conditions of Sale<\/strong><\/p>\n\n<p>These conditions govern the sales of short-term furnished apartment rentals via <strong>www.lba-normandie.com<\/strong>.<\/p>\n\n<p><strong>Article 2 \u2013 Pricing<\/strong><\/p>\n\n<p>All prices are listed in euros, inclusive of VAT (all taxes included), excluding local tourist tax as of the order date, unless otherwise specified. Prices do not include processing or shipping fees.<\/p>\n\n<p>For orders to countries outside mainland France, you are the importer of the products concerned. Import duties, exchange fees, or other local taxes may apply. <\/p>\n\n<p>These duties and charges are not the responsibility of <strong>www.lba-normandie.com<\/strong>. They will be at your expense and are entirely your responsibility, both in terms of declarations and payments to the relevant authorities and organizations in your country. We advise you to inquire about these aspects with your local authorities.  <\/p>\n\n<p>All orders, regardless of their origin, must be paid in euros..<\/p>\n\n<p><strong>www.lba-normandie.com<\/strong> reserves the right to modify its prices at any time, but the price charged will be based on the rate in effect at the time of order validation and subject to availability.<\/p>\n\n<p>The products remain the property of <strong>www.lba-normandie.com<\/strong>, even during the rental period.<\/p>\n\n<p>Note: Once the tenant takes possession of the apartment (check-in), they are responsible for any damages caused within the apartment.<\/p>\n\n<p><strong>Article 3 \u2013 Orders<\/strong><\/p>\n\n<p>You can place orders:<\/p>\n\n<p>Online : www.lba-normandie.com<\/p>\n\n<p>By phone at +33 (0)6 98 30 11 25<\/p>\n\n<p>booking platforms www.airbnb.com, booking.com, abritel&#8230;<\/p>\n\n<p>The contract information is provided in French and will be confirmed by email at the latest when your order is validated.<\/p>\n\n<p><strong>www.lba-normandie.com<\/strong> reserves the right not to process a payment or confirm an order for any reason, especially in cases of unavailability or issues with the received order.<\/p>\n\n<p><strong>Article 4 \u2013 Order Confirmation<\/strong><\/p>\n\n<p>Any order placed on the website <strong>www.lba-normandie.com<\/strong> implies full acceptance of these General Terms and Conditions. An order or reservation is only considered valid upon payment of a minimum 50% deposit. Confirmation of your order constitutes your full and unconditional acceptance of these terms, without exception or reservation.  <\/p>\n\n<p>All the provided data and the recorded confirmation will serve as proof of the transaction.<\/p>\n\n<p>You declare that you are fully aware of this.<\/p>\n\n<p>Payment of the 50% deposit serves as your signature and acceptance of the transaction.<\/p>\n\n<p>A summary of your order will be sent to you via email once your order is confirmed.<\/p>\n\n<p><strong>Article 5 \u2013 Payment<\/strong><\/p>\n\n<p>By confirming your order, you are obligated to pay the indicated price.<\/p>\n\n<p>You can pay via credit card on <strong>www.lba-normandie.com<\/strong> or by bank transfer to the following account:<br\/>LA BELLE AVENTURE<\/p>\n\n<p>CIC Deauville Trouville<br\/>IBAN &#8211; FR76 3002 7160 1100 0207 5240 264<br\/>BIC &#8211; CMCIFRPP<\/p>\n\n<p><strong>Article 6 \u2013 Cancellation Policy<\/strong><\/p>\n\n<p>LA BELLE AVENTURE reserves the right to retain a percentage of the tenant\u2019s payment or to charge a percentage of the rent according to the following cancellation policy:<br\/>30 days or more before arrival: Free cancellation<br\/>Between 15 and 29 days before arrival: 25% of the rent retained by the company<br\/>Between 7 and 14 days before arrival: 50% of the rent retained by the company<br\/>Between 6 and 1 day before arrival: 75% of the rent retained by the company<br\/>If the tenant does not take possession of the accommodation on the scheduled arrival date without prior notice to <strong>www.lba-normandie.com<\/strong>, the full rent will be retained by the company, unless the property is re-rented under the same conditions.<\/p>\n\n<p><strong>Article 7 \u2013 Availability<\/strong><\/p>\n\n<p>Our products are available as long as they are visible on <strong>www.lba-normandie.com<\/strong>.<\/p>\n\n<p>If a product is unavailable after the order has been placed, we will notify you by email. Your order will either be automatically canceled with no charge or we will offer to find you an alternative accommodation for the duration of your stay. <\/p>\n\n<p><strong>Article 8 \u2013 Responsibility<\/strong><\/p>\n\n<p>The products offered comply with French legislation.<\/p>\n\n<p><strong>www.lba-normandie.com<\/strong> cannot be held responsible for damages resulting from improper use of the purchased product.<\/p>\n\n<p>Finally, the responsibility of <a href=\"https:\/\/lba-normandie.com\/osez-la-creation\/\"><strong>www.lba-normandie.com<\/strong><\/a> cannot be engaged for any inconvenience or damages arising from the use of the internet, including service interruptions, external intrusions, or the presence of computer viruses.<\/p>\n\n<p>Article 9 \u2013 Applicable Law in Case of Disputes<\/p>\n\n<p>This contract is written in French. These terms and conditions are governed by French law. In the event of a dispute, French courts will have sole jurisdiction.  <\/p>\n\n<p><strong>Article 10 \u2013 Intellectual Property<\/strong><\/p>\n\n<p>All elements of the <a href=\"http:\/\/www.lba-normandie.com\" target=\"_blank\" rel=\"noreferrer noopener\"><strong>www.lba-normandie.com<\/strong><\/a> website are the intellectual and exclusive property of SAS La Belle Aventure.<\/p>\n\n<p>No one is authorized to reproduce, exploit, redistribute, or use any part of the site, whether software, visual, or sound, without the express written consent of SAS La Belle Aventure. <\/p>\n\n<p><strong>Article 11 \u2013 Personal Data<\/strong><\/p>\n\n<p><strong>www.lba-normandie.com<\/strong> reserves the right to collect personal information about you. This data is necessary for managing your order and improving the services and information we send you. <\/p>\n\n<p>This data may also be shared with companies involved in these transactions, such as those handling service execution, order management, processing, and payment.<\/p>\n\n<p>This information and data are also kept for security purposes, in order to comply with legal and regulatory obligations.<\/p>\n\n<p>In accordance with the French Data Protection Act (January 6, 1978), you have the right to access, rectify, and oppose your personal data directly on the website.<\/p>\n\n<p><strong>Article 12 \u2013 Archiving Proof<\/strong><\/p>\n\n<p><strong>www.lba-normandie.com<\/strong> will archive rental contracts and invoices on a reliable and durable medium as a faithful copy in accordance with Article 1348 of the Civil Code.<\/p>\n\n<p>The computerized records of <strong>www.lba-normandie.com<\/strong> will be considered proof of communications, orders, payments, and transactions between the parties.<\/p>\n\n<p><strong>Contact for Terms and Conditions of Sale<\/strong><\/p>\n\n<p>Holiday Home and Apartment Rentals in Pont-l&#8217;\u00c9v\u00eaque<\/p>\n\n<p>SAS La Belle Aventure headquartered at 470 chemin des Fauldes \u00e0 Glanville 14950<\/p>\n\n<p>Registered under 901 341 032 R.C.S. LISIEUX<\/p>\n\n<p>represented by Ms. Hortense de Chabaneix, president<\/p>\n\n<p><br\/>+33 (0)6 98 30 11 25<\/p>\n\n<p>info@lba-normandie.com<\/p>\n\n<p>Follow us on social media by <a href=\"https:\/\/www.facebook.com\/labelleaventurenormandie\/\" target=\"_blank\" rel=\"noopener\">clicking here<\/a>. <\/p>\n\n<p><\/p>\n\n<p><\/p>\n","protected":false},"excerpt":{"rendered":"<p>WWW.LBA-NORMANDIE.COM \u2013 Holiday Home and Apartment Rentals in Pont-l&#8217;\u00c9v\u00eaque SAS La Belle Aventure headquartered at 470 chemin des Fauldes \u00e0 Glanville 14950 Registered under 901 341 032 R.C.S. LISIEUX represented by Ms. Hortense de Chabaneix, president phone : +33 698 301 125 Email: info@lba-normandie.com General Terms and Conditions of Sale for products sold on www.lba-normandie.com&hellip;&nbsp;<a href=\"https:\/\/lba-normandie.com\/en\/terms-and-conditions-of-sale\/\" rel=\"bookmark\">Read More &raquo;<span class=\"screen-reader-text\">Terms and Conditions of Sale<\/span><\/a><\/p>\n","protected":false},"author":2,"featured_media":0,"parent":0,"menu_order":0,"comment_status":"closed","ping_status":"closed","template":"","meta":{"inline_featured_image":false,"_uag_custom_page_level_css":"","neve_meta_sidebar":"","neve_meta_container":"","neve_meta_enable_content_width":"","neve_meta_content_width":0,"neve_meta_title_alignment":"","neve_meta_author_avatar":"","neve_post_elements_order":"","neve_meta_disable_header":"","neve_meta_disable_footer":"","neve_meta_disable_title":"","footnotes":""},"class_list":["post-6342","page","type-page","status-publish","hentry"],"uagb_featured_image_src":{"full":false,"thumbnail":false,"medium":false,"medium_large":false,"large":false,"1536x1536":false,"2048x2048":false,"neve-blog":false},"uagb_author_info":{"display_name":"Hortense de Chabaneix","author_link":"https:\/\/lba-normandie.com\/en\/author\/hdechab\/"},"uagb_comment_info":0,"uagb_excerpt":"WWW.LBA-NORMANDIE.COM \u2013 Holiday Home and Apartment Rentals in Pont-l&#8217;\u00c9v\u00eaque SAS La Belle Aventure headquartered at 470 chemin des Fauldes \u00e0 Glanville 14950 Registered under 901 341 032 R.C.S. LISIEUX represented by Ms. Hortense de Chabaneix, president phone : +33 698 301 125 Email: info@lba-normandie.com General Terms and Conditions of Sale for products sold on www.lba-normandie.com&hellip;&nbsp;Read&hellip;","jetpack_sharing_enabled":true,"_links":{"self":[{"href":"https:\/\/lba-normandie.com\/en\/wp-json\/wp\/v2\/pages\/6342","targetHints":{"allow":["GET"]}}],"collection":[{"href":"https:\/\/lba-normandie.com\/en\/wp-json\/wp\/v2\/pages"}],"about":[{"href":"https:\/\/lba-normandie.com\/en\/wp-json\/wp\/v2\/types\/page"}],"author":[{"embeddable":true,"href":"https:\/\/lba-normandie.com\/en\/wp-json\/wp\/v2\/users\/2"}],"replies":[{"embeddable":true,"href":"https:\/\/lba-normandie.com\/en\/wp-json\/wp\/v2\/comments?post=6342"}],"version-history":[{"count":2,"href":"https:\/\/lba-normandie.com\/en\/wp-json\/wp\/v2\/pages\/6342\/revisions"}],"predecessor-version":[{"id":6981,"href":"https:\/\/lba-normandie.com\/en\/wp-json\/wp\/v2\/pages\/6342\/revisions\/6981"}],"wp:attachment":[{"href":"https:\/\/lba-normandie.com\/en\/wp-json\/wp\/v2\/media?parent=6342"}],"curies":[{"name":"wp","href":"https:\/\/api.w.org\/{rel}","templated":true}]}}