{"id":6263,"date":"2021-07-19T16:00:36","date_gmt":"2021-07-19T16:00:36","guid":{"rendered":"https:\/\/lba-normandie.com\/what-to-do-in-and-around-pont-leveque\/"},"modified":"2026-01-14T14:46:44","modified_gmt":"2026-01-14T14:46:44","slug":"what-to-do-in-and-around-pont-leveque","status":"publish","type":"page","link":"https:\/\/lba-normandie.com\/en\/what-to-do-in-and-around-pont-leveque\/","title":{"rendered":"What to do in and around Pont-l&#8217;\u00c9v\u00eaque"},"content":{"rendered":"\n<h2 class=\"wp-block-heading\">Pont-l&#8217;\u00c9v\u00eaque: a jewel in the heart of Normandy<\/h2>\n\n<p>Located in the heart of the Pays d&#8217;Auge, <strong>Pont-l&#8217;\u00c9v\u00eaque<\/strong> is a must-see destination for lovers of heritage, nature and gastronomy. This charming Normandy town, renowned for its famous cheese, has an authentic atmosphere and an ideal location. Whether you&#8217;re looking for cultural discoveries, soothing landscapes or fun activities, Pont-l&#8217;\u00c9v\u00eaque and the surrounding area have plenty of surprises in store for you.  <\/p>\n\n<div class=\"wp-block-columns is-layout-flex wp-container-core-columns-is-layout-9d6595d7 wp-block-columns-is-layout-flex\">\n<div class=\"wp-block-column is-layout-flow wp-block-column-is-layout-flow\"><div class=\"wp-block-image is-style-default\">\n<figure class=\"aligncenter size-large is-resized\"><a href=\"https:\/\/www.pontleveque.fr\/\" target=\"_blank\" rel=\"noopener\"><img data-recalc-dims=\"1\" loading=\"lazy\" decoding=\"async\" width=\"974\" height=\"1024\" src=\"https:\/\/i0.wp.com\/lba-normandie.com\/wp-content\/uploads\/2021\/11\/logo-pont-leveque.jpg?resize=974%2C1024&#038;ssl=1\" alt=\"Town of Pont l'Ev&#xEA;que\" class=\"wp-image-2050\" style=\"aspect-ratio:0.9505208333333334;width:223px;height:auto\"\/><\/a><\/figure>\n<\/div><\/div>\n\n\n\n<div class=\"wp-block-column is-layout-flow wp-block-column-is-layout-flow\"><div class=\"wp-block-image is-style-default\">\n<figure class=\"aligncenter size-full is-resized\"><a href=\"https:\/\/www.terredauge-tourisme.fr\/fr\/\" target=\"_blank\" rel=\"noopener\"><img data-recalc-dims=\"1\" loading=\"lazy\" decoding=\"async\" width=\"982\" height=\"663\" src=\"https:\/\/i0.wp.com\/lba-normandie.com\/wp-content\/uploads\/2021\/11\/logo-ot-terre-dauge.jpg?resize=982%2C663&#038;ssl=1\" alt=\"Tourist office\" class=\"wp-image-2052\" style=\"width:325px;height:auto\" srcset=\"https:\/\/i0.wp.com\/lba-normandie.com\/wp-content\/uploads\/2021\/11\/logo-ot-terre-dauge.jpg?w=982&amp;ssl=1 982w, https:\/\/i0.wp.com\/lba-normandie.com\/wp-content\/uploads\/2021\/11\/logo-ot-terre-dauge.jpg?resize=600%2C405&amp;ssl=1 600w, https:\/\/i0.wp.com\/lba-normandie.com\/wp-content\/uploads\/2021\/11\/logo-ot-terre-dauge.jpg?resize=768%2C519&amp;ssl=1 768w, https:\/\/i0.wp.com\/lba-normandie.com\/wp-content\/uploads\/2021\/11\/logo-ot-terre-dauge.jpg?resize=300%2C203&amp;ssl=1 300w, https:\/\/i0.wp.com\/lba-normandie.com\/wp-content\/uploads\/2021\/11\/logo-ot-terre-dauge.jpg?resize=892%2C602&amp;ssl=1 892w\" sizes=\"auto, (max-width: 982px) 100vw, 982px\" \/><\/a><\/figure>\n<\/div><\/div>\n<\/div>\n\n<h2 class=\"wp-block-heading\">What to do in Pont-l&#8217;\u00c9v\u00eaque<\/h2>\n\n<h3 class=\"wp-block-heading\"><strong>Dive into local history<\/strong><\/h3>\n\n<p>Pont-l&#8217;\u00c9v\u00eaque is full of local and architectural treasures to explore:  <\/p>\n\n<ul class=\"wp-block-list\">\n<li>Saint-Michel church, an interesting Gothic building;<\/li>\n\n\n\n<li>picturesque alleyways lined with typical half-timbered houses ;<\/li>\n\n\n\n<li>Mus\u00e9e des Dominicaines ;<\/li>\n\n\n\n<li>the<strong> <\/strong>Calvados Experience, a unique immersion in the history and production of the famous Norman spirit.<\/li>\n<\/ul>\n\n<h3 class=\"wp-block-heading\"><strong>Water sports at Lake Pont-l&#8217;\u00c9v\u00eaque<\/strong><\/h3>\n\n<p>The <strong>Terre d&#8217;Auge lake<\/strong>, just outside the village, is an ideal place to relax and enjoy sports and outdoor activities. You can stroll around the lake, swim in the lake, paddle, kayak and pedal-boat for freshwater enthusiasts. <\/p>\n\n<h3 class=\"wp-block-heading\">Savour the gastronomy of Normandy<\/h3>\n\n<p>Pont-l&#8217;\u00c9v\u00eaque is a gourmet&#8217;s paradise. Taste the famous cheese that bears the town&#8217;s name, stop off at local farms to discover local products (cider, pommeau and calvados) and try the restaurants and markets for typically Norman flavors. <\/p>\n\n<h2 class=\"wp-block-heading\">Must-sees around Pont-l&#8217;\u00c9v\u00eaque<\/h2>\n\n<ol class=\"wp-block-list\">\n<li><strong>The beaches of the C\u00f4te Fleurie<\/strong><br\/>Just 15 minutes away, enjoy the iconic beaches of <strong>Deauville<\/strong> and <strong>Trouville<\/strong>. Whether you&#8217;re looking for a swim, a boardwalk or a day of idleness, the sea is within easy reach. <\/li>\n\n\n\n<li><strong>The villages of the Pays d&#8217;Auge<\/strong><br\/>Discover villages such as <strong>Beaumont-en-Auge<\/strong> and <strong>Beuvron-en-Auge<\/strong>, ranked among the most beautiful in France, where half-timbered houses and antique stores will delight your eyes.<\/li>\n\n\n\n<li><strong>Cultural and natural activities<\/strong><\/li>\n<\/ol>\n\n<ul class=\"wp-block-list\">\n<li>Set off on the cider trail to visit local producers,<\/li>\n\n\n\n<li>Hike in the surrounding hills and hedgerows for breathtaking panoramas,<\/li>\n\n\n\n<li>Discover the cities of Caen, Le Havre and the landing pages.<\/li>\n<\/ul>\n\n<div style=\"height:59px\" aria-hidden=\"true\" class=\"wp-block-spacer\"><\/div>\n\n<figure class=\"wp-block-gallery has-nested-images columns-4 is-cropped wp-block-gallery-1 is-layout-flex wp-block-gallery-is-layout-flex\">\n<figure class=\"wp-block-image size-large\"><img data-recalc-dims=\"1\" loading=\"lazy\" decoding=\"async\" width=\"1024\" height=\"683\" data-id=\"2045\" src=\"https:\/\/i0.wp.com\/lba-normandie.com\/wp-content\/uploads\/2021\/11\/honfleur.jpg?resize=1024%2C683&#038;ssl=1\" alt=\"\" class=\"wp-image-2045\" srcset=\"https:\/\/i0.wp.com\/lba-normandie.com\/wp-content\/uploads\/2021\/11\/honfleur-scaled.jpg?resize=1024%2C683&amp;ssl=1 1024w, https:\/\/i0.wp.com\/lba-normandie.com\/wp-content\/uploads\/2021\/11\/honfleur-scaled.jpg?resize=600%2C400&amp;ssl=1 600w, https:\/\/i0.wp.com\/lba-normandie.com\/wp-content\/uploads\/2021\/11\/honfleur-scaled.jpg?resize=768%2C512&amp;ssl=1 768w, https:\/\/i0.wp.com\/lba-normandie.com\/wp-content\/uploads\/2021\/11\/honfleur-scaled.jpg?resize=300%2C200&amp;ssl=1 300w, https:\/\/i0.wp.com\/lba-normandie.com\/wp-content\/uploads\/2021\/11\/honfleur-scaled.jpg?resize=1536%2C1024&amp;ssl=1 1536w, https:\/\/i0.wp.com\/lba-normandie.com\/wp-content\/uploads\/2021\/11\/honfleur-scaled.jpg?resize=2048%2C1365&amp;ssl=1 2048w, https:\/\/i0.wp.com\/lba-normandie.com\/wp-content\/uploads\/2021\/11\/honfleur-scaled.jpg?resize=892%2C595&amp;ssl=1 892w, https:\/\/i0.wp.com\/lba-normandie.com\/wp-content\/uploads\/2021\/11\/honfleur-scaled.jpg?resize=1350%2C900&amp;ssl=1 1350w, https:\/\/i0.wp.com\/lba-normandie.com\/wp-content\/uploads\/2021\/11\/honfleur-scaled.jpg?w=2400&amp;ssl=1 2400w\" sizes=\"auto, (max-width: 1024px) 100vw, 1024px\" \/><\/figure>\n\n\n\n<figure class=\"wp-block-image size-large\"><img data-recalc-dims=\"1\" loading=\"lazy\" decoding=\"async\" width=\"1024\" height=\"694\" data-id=\"2034\" src=\"https:\/\/i0.wp.com\/lba-normandie.com\/wp-content\/uploads\/2021\/11\/pont-leveque.jpg?resize=1024%2C694&#038;ssl=1\" alt=\"Vacation rental in Normandy\" class=\"wp-image-2034\" srcset=\"https:\/\/i0.wp.com\/lba-normandie.com\/wp-content\/uploads\/2021\/11\/pont-leveque-scaled.jpg?resize=1024%2C694&amp;ssl=1 1024w, https:\/\/i0.wp.com\/lba-normandie.com\/wp-content\/uploads\/2021\/11\/pont-leveque-scaled.jpg?resize=600%2C407&amp;ssl=1 600w, https:\/\/i0.wp.com\/lba-normandie.com\/wp-content\/uploads\/2021\/11\/pont-leveque-scaled.jpg?resize=768%2C520&amp;ssl=1 768w, https:\/\/i0.wp.com\/lba-normandie.com\/wp-content\/uploads\/2021\/11\/pont-leveque-scaled.jpg?resize=300%2C203&amp;ssl=1 300w, https:\/\/i0.wp.com\/lba-normandie.com\/wp-content\/uploads\/2021\/11\/pont-leveque-scaled.jpg?resize=1536%2C1041&amp;ssl=1 1536w, https:\/\/i0.wp.com\/lba-normandie.com\/wp-content\/uploads\/2021\/11\/pont-leveque-scaled.jpg?resize=2048%2C1388&amp;ssl=1 2048w, https:\/\/i0.wp.com\/lba-normandie.com\/wp-content\/uploads\/2021\/11\/pont-leveque-scaled.jpg?resize=892%2C604&amp;ssl=1 892w, https:\/\/i0.wp.com\/lba-normandie.com\/wp-content\/uploads\/2021\/11\/pont-leveque-scaled.jpg?resize=1350%2C915&amp;ssl=1 1350w, https:\/\/i0.wp.com\/lba-normandie.com\/wp-content\/uploads\/2021\/11\/pont-leveque-scaled.jpg?w=2400&amp;ssl=1 2400w\" sizes=\"auto, (max-width: 1024px) 100vw, 1024px\" \/><\/figure>\n\n\n\n<figure class=\"wp-block-image size-large\"><img data-recalc-dims=\"1\" loading=\"lazy\" decoding=\"async\" width=\"641\" height=\"1024\" data-id=\"2044\" src=\"https:\/\/i0.wp.com\/lba-normandie.com\/wp-content\/uploads\/2021\/11\/deauville.jpg?resize=641%2C1024&#038;ssl=1\" alt=\"\" class=\"wp-image-2044\" srcset=\"https:\/\/i0.wp.com\/lba-normandie.com\/wp-content\/uploads\/2021\/11\/deauville-scaled.jpg?resize=641%2C1024&amp;ssl=1 641w, https:\/\/i0.wp.com\/lba-normandie.com\/wp-content\/uploads\/2021\/11\/deauville-scaled.jpg?resize=376%2C600&amp;ssl=1 376w, https:\/\/i0.wp.com\/lba-normandie.com\/wp-content\/uploads\/2021\/11\/deauville-scaled.jpg?resize=768%2C1227&amp;ssl=1 768w, https:\/\/i0.wp.com\/lba-normandie.com\/wp-content\/uploads\/2021\/11\/deauville-scaled.jpg?resize=188%2C300&amp;ssl=1 188w, https:\/\/i0.wp.com\/lba-normandie.com\/wp-content\/uploads\/2021\/11\/deauville-scaled.jpg?resize=962%2C1536&amp;ssl=1 962w, https:\/\/i0.wp.com\/lba-normandie.com\/wp-content\/uploads\/2021\/11\/deauville-scaled.jpg?resize=1282%2C2048&amp;ssl=1 1282w, https:\/\/i0.wp.com\/lba-normandie.com\/wp-content\/uploads\/2021\/11\/deauville-scaled.jpg?resize=892%2C1425&amp;ssl=1 892w, https:\/\/i0.wp.com\/lba-normandie.com\/wp-content\/uploads\/2021\/11\/deauville-scaled.jpg?resize=1350%2C2156&amp;ssl=1 1350w, https:\/\/i0.wp.com\/lba-normandie.com\/wp-content\/uploads\/2021\/11\/deauville-scaled.jpg?resize=600%2C958&amp;ssl=1 600w, https:\/\/i0.wp.com\/lba-normandie.com\/wp-content\/uploads\/2021\/11\/deauville-scaled.jpg?w=1603&amp;ssl=1 1603w\" sizes=\"auto, (max-width: 641px) 100vw, 641px\" \/><\/figure>\n\n\n\n<figure class=\"wp-block-image size-large\"><img data-recalc-dims=\"1\" loading=\"lazy\" decoding=\"async\" width=\"1024\" height=\"683\" data-id=\"2043\" src=\"https:\/\/i0.wp.com\/lba-normandie.com\/wp-content\/uploads\/2021\/11\/cabourg.jpg?resize=1024%2C683&#038;ssl=1\" alt=\"\" class=\"wp-image-2043\" srcset=\"https:\/\/i0.wp.com\/lba-normandie.com\/wp-content\/uploads\/2021\/11\/cabourg-scaled.jpg?resize=1024%2C683&amp;ssl=1 1024w, https:\/\/i0.wp.com\/lba-normandie.com\/wp-content\/uploads\/2021\/11\/cabourg-scaled.jpg?resize=600%2C400&amp;ssl=1 600w, https:\/\/i0.wp.com\/lba-normandie.com\/wp-content\/uploads\/2021\/11\/cabourg-scaled.jpg?resize=768%2C512&amp;ssl=1 768w, https:\/\/i0.wp.com\/lba-normandie.com\/wp-content\/uploads\/2021\/11\/cabourg-scaled.jpg?resize=300%2C200&amp;ssl=1 300w, https:\/\/i0.wp.com\/lba-normandie.com\/wp-content\/uploads\/2021\/11\/cabourg-scaled.jpg?resize=1536%2C1024&amp;ssl=1 1536w, https:\/\/i0.wp.com\/lba-normandie.com\/wp-content\/uploads\/2021\/11\/cabourg-scaled.jpg?resize=2048%2C1365&amp;ssl=1 2048w, https:\/\/i0.wp.com\/lba-normandie.com\/wp-content\/uploads\/2021\/11\/cabourg-scaled.jpg?resize=892%2C595&amp;ssl=1 892w, https:\/\/i0.wp.com\/lba-normandie.com\/wp-content\/uploads\/2021\/11\/cabourg-scaled.jpg?resize=1350%2C900&amp;ssl=1 1350w, https:\/\/i0.wp.com\/lba-normandie.com\/wp-content\/uploads\/2021\/11\/cabourg-scaled.jpg?w=2400&amp;ssl=1 2400w\" sizes=\"auto, (max-width: 1024px) 100vw, 1024px\" \/><\/figure>\n\n\n\n<figure class=\"wp-block-image size-large\"><img data-recalc-dims=\"1\" loading=\"lazy\" decoding=\"async\" width=\"1024\" height=\"267\" data-id=\"483\" src=\"https:\/\/i0.wp.com\/lba-normandie.com\/wp-content\/uploads\/2021\/07\/Pont-lEveque.png?resize=1024%2C267&#038;ssl=1\" alt=\"Pont-l'&#xC9;v&#xEA;que in Normandy, tradition and charm\" class=\"wp-image-483\" srcset=\"https:\/\/i0.wp.com\/lba-normandie.com\/wp-content\/uploads\/2021\/07\/Pont-lEveque.png?resize=1024%2C267&amp;ssl=1 1024w, https:\/\/i0.wp.com\/lba-normandie.com\/wp-content\/uploads\/2021\/07\/Pont-lEveque.png?resize=600%2C156&amp;ssl=1 600w, https:\/\/i0.wp.com\/lba-normandie.com\/wp-content\/uploads\/2021\/07\/Pont-lEveque.png?resize=768%2C200&amp;ssl=1 768w, https:\/\/i0.wp.com\/lba-normandie.com\/wp-content\/uploads\/2021\/07\/Pont-lEveque.png?w=1920&amp;ssl=1 1920w\" sizes=\"auto, (max-width: 1024px) 100vw, 1024px\" \/><\/figure>\n\n\n\n<figure class=\"wp-block-image size-large\"><img data-recalc-dims=\"1\" loading=\"lazy\" decoding=\"async\" width=\"942\" height=\"530\" data-id=\"503\" src=\"https:\/\/i0.wp.com\/lba-normandie.com\/wp-content\/uploads\/2021\/07\/ville-pont-leveque.jpg?resize=942%2C530&#038;ssl=1\" alt=\"\" class=\"wp-image-503\" srcset=\"https:\/\/i0.wp.com\/lba-normandie.com\/wp-content\/uploads\/2021\/07\/ville-pont-leveque.jpg?w=942&amp;ssl=1 942w, https:\/\/i0.wp.com\/lba-normandie.com\/wp-content\/uploads\/2021\/07\/ville-pont-leveque.jpg?resize=600%2C338&amp;ssl=1 600w, https:\/\/i0.wp.com\/lba-normandie.com\/wp-content\/uploads\/2021\/07\/ville-pont-leveque.jpg?resize=768%2C432&amp;ssl=1 768w\" sizes=\"auto, (max-width: 942px) 100vw, 942px\" \/><\/figure>\n\n\n\n<figure class=\"wp-block-image size-large\"><img data-recalc-dims=\"1\" height=\"552\" width=\"1024\" decoding=\"async\" data-id=\"124\" src=\"https:\/\/i0.wp.com\/lba-normandie.com\/wp-content\/uploads\/2021\/06\/lac.png?resize=1024%2C552&#038;ssl=1\" alt=\"\" class=\"wp-image-124\"\/><\/figure>\n<\/figure>\n\n<div style=\"height:59px\" aria-hidden=\"true\" class=\"wp-block-spacer\"><\/div>\n\n<h2 class=\"wp-block-heading\">A perfect base for exploring Normandy<\/h2>\n\n<p>Thanks to its <strong>central location<\/strong>, Pont-l&#8217;\u00c9v\u00eaque is an ideal base for exploring Normandy:<\/p>\n\n<ul class=\"wp-block-list\">\n<li>2 hours from Paris,<\/li>\n\n\n\n<li>Less than an hour from Caen, Le Havre and Honfleur,<\/li>\n\n\n\n<li>Close to major tourist attractions such as the cliffs of \u00c9tretat and Mont-Saint-Michel.<\/li>\n<\/ul>\n\n<p>Experience Normandy differently from La Belle Aventure. Stay in one of our apartments and discover all that Pont-l&#8217;\u00c9v\u00eaque and the surrounding area have to offer. Our comfortable, conveniently located accommodations will let you take full advantage of the richness of the Pays d&#8217;Auge and Normandy. Book now and let yourself be charmed by the authenticity of Pont-l&#8217;\u00c9v\u00eaque and its region.   <\/p>\n\n<div class=\"wp-block-buttons is-content-justification-center is-layout-flex wp-container-core-buttons-is-layout-16018d1d wp-block-buttons-is-layout-flex\">\n<div class=\"wp-block-button is-style-primary\"><a class=\"wp-block-button__link has-nv-c-2-background-color has-background wp-element-button\" href=\"https:\/\/reservation.elloha.com\/?idPublication=ac040266-607c-4a13-a58c-a1b5349f820a&amp;idoi=ee17e801-b06a-4766-b90d-33d1b1c3b259&amp;searchFirstAvailableDates=1&amp;culture=en-GB\" style=\"border-style:none;border-width:0px\" target=\"_blank\" rel=\"noreferrer noopener\">Book your stay<\/a><\/div>\n<\/div>\n","protected":false},"excerpt":{"rendered":"<p>Pont-l&#8217;\u00c9v\u00eaque: a jewel in the heart of Normandy Located in the heart of the Pays d&#8217;Auge, Pont-l&#8217;\u00c9v\u00eaque is a must-see destination for lovers of heritage, nature and gastronomy. This charming Normandy town, renowned for its famous cheese, has an authentic atmosphere and an ideal location. Whether you&#8217;re looking for cultural discoveries, soothing landscapes or fun&hellip;&nbsp;<a href=\"https:\/\/lba-normandie.com\/en\/what-to-do-in-and-around-pont-leveque\/\" rel=\"bookmark\">Read More &raquo;<span class=\"screen-reader-text\">What to do in and around Pont-l&#8217;\u00c9v\u00eaque<\/span><\/a><\/p>\n","protected":false},"author":2,"featured_media":6154,"parent":0,"menu_order":0,"comment_status":"closed","ping_status":"closed","template":"","meta":{"inline_featured_image":false,"_uag_custom_page_level_css":"","neve_meta_sidebar":"","neve_meta_container":"","neve_meta_enable_content_width":"","neve_meta_content_width":0,"neve_meta_title_alignment":"","neve_meta_author_avatar":"","neve_post_elements_order":"","neve_meta_disable_header":"","neve_meta_disable_footer":"","neve_meta_disable_title":"","footnotes":""},"class_list":["post-6263","page","type-page","status-publish","has-post-thumbnail","hentry"],"uagb_featured_image_src":{"full":["https:\/\/i0.wp.com\/lba-normandie.com\/wp-content\/uploads\/2021\/11\/logo-pont-leveque-e1637313953757.jpg?fit=500%2C526&ssl=1",500,526,false],"thumbnail":["https:\/\/i0.wp.com\/lba-normandie.com\/wp-content\/uploads\/2021\/11\/logo-pont-leveque-e1637313953757.jpg?fit=150%2C150&ssl=1",150,150,true],"medium":["https:\/\/i0.wp.com\/lba-normandie.com\/wp-content\/uploads\/2021\/11\/logo-pont-leveque-e1637313953757.jpg?fit=285%2C300&ssl=1",285,300,true],"medium_large":["https:\/\/i0.wp.com\/lba-normandie.com\/wp-content\/uploads\/2021\/11\/logo-pont-leveque-e1637313953757.jpg?fit=768%2C807&ssl=1",768,807,true],"large":["https:\/\/i0.wp.com\/lba-normandie.com\/wp-content\/uploads\/2021\/11\/logo-pont-leveque-e1637313953757.jpg?fit=974%2C1024&ssl=1",974,1024,true],"1536x1536":["https:\/\/i0.wp.com\/lba-normandie.com\/wp-content\/uploads\/2021\/11\/logo-pont-leveque-e1637313953757.jpg?fit=1461%2C1536&ssl=1",1461,1536,true],"2048x2048":["https:\/\/i0.wp.com\/lba-normandie.com\/wp-content\/uploads\/2021\/11\/logo-pont-leveque-e1637313953757.jpg?fit=500%2C526&ssl=1",500,526,true],"neve-blog":["https:\/\/i0.wp.com\/lba-normandie.com\/wp-content\/uploads\/2021\/11\/logo-pont-leveque-e1637313953757.jpg?resize=500%2C526&ssl=1",500,526,true]},"uagb_author_info":{"display_name":"Hortense de Chabaneix","author_link":"https:\/\/lba-normandie.com\/en\/author\/hdechab\/"},"uagb_comment_info":0,"uagb_excerpt":"Pont-l&#8217;\u00c9v\u00eaque: a jewel in the heart of Normandy Located in the heart of the Pays d&#8217;Auge, Pont-l&#8217;\u00c9v\u00eaque is a must-see destination for lovers of heritage, nature and gastronomy. This charming Normandy town, renowned for its famous cheese, has an authentic atmosphere and an ideal location. Whether you&#8217;re looking for cultural discoveries, soothing landscapes or fun&hellip;&nbsp;Read&hellip;","jetpack_sharing_enabled":true,"_links":{"self":[{"href":"https:\/\/lba-normandie.com\/en\/wp-json\/wp\/v2\/pages\/6263","targetHints":{"allow":["GET"]}}],"collection":[{"href":"https:\/\/lba-normandie.com\/en\/wp-json\/wp\/v2\/pages"}],"about":[{"href":"https:\/\/lba-normandie.com\/en\/wp-json\/wp\/v2\/types\/page"}],"author":[{"embeddable":true,"href":"https:\/\/lba-normandie.com\/en\/wp-json\/wp\/v2\/users\/2"}],"replies":[{"embeddable":true,"href":"https:\/\/lba-normandie.com\/en\/wp-json\/wp\/v2\/comments?post=6263"}],"version-history":[{"count":3,"href":"https:\/\/lba-normandie.com\/en\/wp-json\/wp\/v2\/pages\/6263\/revisions"}],"predecessor-version":[{"id":7005,"href":"https:\/\/lba-normandie.com\/en\/wp-json\/wp\/v2\/pages\/6263\/revisions\/7005"}],"wp:featuredmedia":[{"embeddable":true,"href":"https:\/\/lba-normandie.com\/en\/wp-json\/wp\/v2\/media\/6154"}],"wp:attachment":[{"href":"https:\/\/lba-normandie.com\/en\/wp-json\/wp\/v2\/media?parent=6263"}],"curies":[{"name":"wp","href":"https:\/\/api.w.org\/{rel}","templated":true}]}}